
{"id":2,"date":"2017-04-10T06:29:09","date_gmt":"2017-04-10T06:29:09","guid":{"rendered":"http:\/\/nt12.chonweb.vn\/?page_id=2"},"modified":"2023-12-06T09:47:16","modified_gmt":"2023-12-06T02:47:16","slug":"trang-chu","status":"publish","type":"page","link":"https:\/\/25.buffdemo.com\/en\/","title":{"rendered":"Trang ch\u1ee7"},"content":{"rendered":"<p>\u0110\u00e2y l\u00e0 trang ch\u1ee7&#8230;&#8230;&#8230;..<\/p>","protected":false},"excerpt":{"rendered":"<p>\u0110\u00e2y l\u00e0 trang ch\u1ee7&#8230;&#8230;&#8230;..<\/p>\n","protected":false},"author":1,"featured_media":0,"parent":0,"menu_order":0,"comment_status":"closed","ping_status":"open","template":"","meta":{"footnotes":""},"yoast_head":"<!-- This site is optimized with the Yoast SEO plugin v14.3 - https:\/\/yoast.com\/wordpress\/plugins\/seo\/ -->\n<title>Trang ch\u1ee7 - H&amp;L International Co., Ltd.<\/title>\n<meta name=\"robots\" content=\"index, follow\" \/>\n<meta name=\"googlebot\" content=\"index, follow, max-snippet:-1, max-image-preview:large, max-video-preview:-1\" \/>\n<meta name=\"bingbot\" content=\"index, follow, max-snippet:-1, max-image-preview:large, max-video-preview:-1\" \/>\n<link rel=\"canonical\" href=\"https:\/\/25.buffdemo.com\/en\/\" \/>\n<meta property=\"og:locale\" content=\"en_US\" \/>\n<meta property=\"og:type\" content=\"article\" \/>\n<meta property=\"og:title\" content=\"Trang ch\u1ee7 - H&amp;L International Co., Ltd.\" \/>\n<meta property=\"og:description\" content=\"\u0110\u00e2y l\u00e0 trang ch\u1ee7&#8230;&#8230;&#8230;..\" \/>\n<meta property=\"og:url\" content=\"https:\/\/25.buffdemo.com\/en\/\" \/>\n<meta property=\"og:site_name\" content=\"H&amp;L International Co., Ltd.\" \/>\n<meta property=\"article:modified_time\" content=\"2023-12-06T02:47:16+00:00\" \/>\n<meta property=\"og:image\" content=\"https:\/\/25.buffdemo.com\/wp-content\/uploads\/2023\/10\/icon-philippine.jpg\" \/>\n<meta name=\"twitter:card\" content=\"summary\" \/>\n<script type=\"application\/ld+json\" class=\"yoast-schema-graph\">{\"@context\":\"https:\/\/schema.org\",\"@graph\":[{\"@type\":\"WebSite\",\"@id\":\"https:\/\/25.buffdemo.com\/en\/#website\",\"url\":\"https:\/\/25.buffdemo.com\/en\/\",\"name\":\"H&amp;L International Co., Ltd.\",\"description\":\"\",\"potentialAction\":[{\"@type\":\"SearchAction\",\"target\":\"https:\/\/25.buffdemo.com\/en\/?s={search_term_string}\",\"query-input\":\"required name=search_term_string\"}],\"inLanguage\":\"en-US\"},{\"@type\":\"ImageObject\",\"@id\":\"https:\/\/25.buffdemo.com\/#primaryimage\",\"inLanguage\":\"en-US\",\"url\":\"https:\/\/25.buffdemo.com\/wp-content\/uploads\/2023\/10\/icon-philippine.jpg\",\"width\":64,\"height\":61},{\"@type\":\"WebPage\",\"@id\":\"https:\/\/25.buffdemo.com\/en\/#webpage\",\"url\":\"https:\/\/25.buffdemo.com\/en\/\",\"name\":\"Trang ch\\u1ee7 - H&amp;L International Co., Ltd.\",\"isPartOf\":{\"@id\":\"https:\/\/25.buffdemo.com\/en\/#website\"},\"primaryImageOfPage\":{\"@id\":\"https:\/\/25.buffdemo.com\/en\/#primaryimage\"},\"datePublished\":\"2017-04-10T06:29:09+00:00\",\"dateModified\":\"2023-12-06T02:47:16+00:00\",\"breadcrumb\":{\"@id\":\"https:\/\/25.buffdemo.com\/en\/#breadcrumb\"},\"inLanguage\":\"en-US\",\"potentialAction\":[{\"@type\":\"ReadAction\",\"target\":[[\"https:\/\/25.buffdemo.com\/en\/\"]]}]},{\"@type\":\"BreadcrumbList\",\"@id\":\"https:\/\/25.buffdemo.com\/en\/#breadcrumb\",\"itemListElement\":[{\"@type\":\"ListItem\",\"position\":1,\"item\":{\"@type\":\"WebPage\",\"@id\":\"https:\/\/25.buffdemo.com\/en\/\",\"url\":\"https:\/\/25.buffdemo.com\/en\/\",\"name\":\"Trang ch\\u1ee7\"}},{\"@type\":\"ListItem\",\"position\":2,\"item\":{\"@type\":\"WebPage\",\"@id\":\"https:\/\/25.buffdemo.com\/en\/\",\"url\":\"https:\/\/25.buffdemo.com\/en\/\",\"name\":\"Trang ch\\u1ee7\"}}]}]}<\/script>\n<!-- \/ Yoast SEO plugin. -->","_links":{"self":[{"href":"https:\/\/25.buffdemo.com\/en\/wp-json\/wp\/v2\/pages\/2"}],"collection":[{"href":"https:\/\/25.buffdemo.com\/en\/wp-json\/wp\/v2\/pages"}],"about":[{"href":"https:\/\/25.buffdemo.com\/en\/wp-json\/wp\/v2\/types\/page"}],"author":[{"embeddable":true,"href":"https:\/\/25.buffdemo.com\/en\/wp-json\/wp\/v2\/users\/1"}],"replies":[{"embeddable":true,"href":"https:\/\/25.buffdemo.com\/en\/wp-json\/wp\/v2\/comments?post=2"}],"version-history":[{"count":9,"href":"https:\/\/25.buffdemo.com\/en\/wp-json\/wp\/v2\/pages\/2\/revisions"}],"predecessor-version":[{"id":790,"href":"https:\/\/25.buffdemo.com\/en\/wp-json\/wp\/v2\/pages\/2\/revisions\/790"}],"wp:attachment":[{"href":"https:\/\/25.buffdemo.com\/en\/wp-json\/wp\/v2\/media?parent=2"}],"curies":[{"name":"wp","href":"https:\/\/api.w.org\/{rel}","templated":true}]}}